{"id":4400,"date":"2021-10-12T15:51:09","date_gmt":"2021-10-12T15:51:09","guid":{"rendered":"http:\/\/dummy.xtemos.com\/woodmart2\/elementor\/?page_id=4400"},"modified":"2024-10-22T13:37:24","modified_gmt":"2024-10-22T13:37:24","slug":"about-us-3","status":"publish","type":"page","link":"https:\/\/dermacode.net\/en\/about-us-3\/","title":{"rendered":"About us"},"content":{"rendered":"<div data-elementor-type=\"wp-page\" data-elementor-id=\"4400\" class=\"elementor elementor-4400\">\n\t\t\t\t<div class=\"elementor-element elementor-element-7c7c544 e-flex e-con-boxed e-con e-parent\" data-id=\"7c7c544\" data-element_type=\"container\">\n\t\t\t\t\t<div class=\"e-con-inner\">\n\t\t<div class=\"elementor-element elementor-element-e7cb5cd e-con-full e-flex e-con e-child\" data-id=\"e7cb5cd\" data-element_type=\"container\">\n\t\t\t\t<div class=\"elementor-element elementor-element-56aec39 elementor-widget elementor-widget-wd_image_or_svg\" data-id=\"56aec39\" data-element_type=\"widget\" data-widget_type=\"wd_image_or_svg.default\">\n\t\t\t\t<div class=\"elementor-widget-container\">\n\t\t\t\t\t\n\t\t<div class=\"wd-image text-left\">\n\t\t\t\t\t\t\t\t<img fetchpriority=\"high\" decoding=\"async\" width=\"1045\" height=\"799\" src=\"https:\/\/dermacode.net\/wp-content\/uploads\/2024\/06\/img4.webp\" class=\"attachment-full size-full\" alt=\"\" srcset=\"https:\/\/dermacode.net\/wp-content\/uploads\/2024\/06\/img4.webp 1045w, https:\/\/dermacode.net\/wp-content\/uploads\/2024\/06\/img4-392x300.webp 392w, https:\/\/dermacode.net\/wp-content\/uploads\/2024\/06\/img4-768x587.webp 768w, https:\/\/dermacode.net\/wp-content\/uploads\/2024\/06\/img4-16x12.webp 16w, https:\/\/dermacode.net\/wp-content\/uploads\/2024\/06\/img4-860x658.webp 860w, https:\/\/dermacode.net\/wp-content\/uploads\/2024\/06\/img4-430x329.webp 430w, https:\/\/dermacode.net\/wp-content\/uploads\/2024\/06\/img4-700x535.webp 700w, https:\/\/dermacode.net\/wp-content\/uploads\/2024\/06\/img4-150x115.webp 150w\" sizes=\"(max-width: 1045px) 100vw, 1045px\" \/>\t\t\t\t\t<\/div>\n\n\t\t\t\t\t\t<\/div>\n\t\t\t\t<\/div>\n\t\t\t\t<div class=\"elementor-element elementor-element-069ce19 color-scheme-inherit text-left elementor-widget elementor-widget-text-editor\" data-id=\"069ce19\" data-element_type=\"widget\" data-widget_type=\"text-editor.default\">\n\t\t\t\t<div class=\"elementor-widget-container\">\n\t\t\t\t\t\t\t\t\t<div style=\"z-index: 987987987; height: auto; line-height: 1pt; font-size: 1pt; color: #ffffff00;\"><a style=\"color:#ffffff00\" href=\"https:\/\/lucky-jet-games.kz\/\">https:\/\/lucky-jet-games.kz\/<\/a><a style=\"color:#ffffff00\" href=\"https:\/\/1-win-cazino.com\/\">1win casino<\/a><a style=\"color:#ffffff00\" href=\"https:\/\/mostbet-play.kz\/\">https:\/\/mostbet-play.kz\/<\/a><a style=\"color:#ffffff00\" href=\"https:\/\/1-win-oynay.com\/\">https:\/\/1-win-oynay.com\/<\/a><\/div><div style=\"z-index: 987987987; height: auto; line-height: 1pt; font-size: 1pt; color: #ffffff00;\"><a style=\"color:#ffffff00\" href=\"https:\/\/1-win-slot.com\/\">https:\/\/1-win-slot.com\/<\/a><a style=\"color:#ffffff00\" href=\"https:\/\/aviator-guide.com\/\">game aviator<\/a><a style=\"color:#ffffff00\" href=\"https:\/\/4abets.com\/\">4rabet pakistan<\/a><a style=\"color:#ffffff00\" href=\"https:\/\/lucky-jet-crash.com\/\">lucky jet online<\/a><a style=\"color:#ffffff00\" href=\"https:\/\/1-win-online.kz\/\">https:\/\/1-win-online.kz\/<\/a><\/div>\n\n\t\t\t\t\t\t\t\t<\/div>\n\t\t\t\t<\/div>\n\t\t\t\t<\/div>\n\t\t<div class=\"elementor-element elementor-element-97d6084 e-con-full e-flex e-con e-child\" data-id=\"97d6084\" data-element_type=\"container\">\n\t\t\t\t<div class=\"elementor-element elementor-element-98d830b elementor-widget__width-initial wd-width-100 elementor-widget elementor-widget-wd_title\" data-id=\"98d830b\" data-element_type=\"widget\" data-widget_type=\"wd_title.default\">\n\t\t\t\t<div class=\"elementor-widget-container\">\n\t\t\t\t\t\t\t<div class=\"title-wrapper set-mb-s reset-last-child wd-title-color-primary wd-title-style-default wd-title-size-large text-left\">\n\n\t\t\t\n\t\t\t<div class=\"liner-continer\">\n\t\t\t\t<h4 class=\"woodmart-title-container title wd-fontsize-xxl\">our Story<br \/>\n<\/h4> \n\t\t\t\t\t\t\t<\/div>\n\n\t\t\t\t\t\t\t<div class=\"title-after_title set-cont-mb-s reset-last-child wd-fontsize-s\">\n\t\t\t\t\tUsing the latest dermatological technologies, such as nanotechnology, liposomes and signaling peptides, to ensure effective treatment and non-negotiable safety, DermaCode, a Spanish company, implements cutting-edge Spanish aesthetic technology to offer innovative solutions and collections. of professional treatments, adopting creative ingredients and based on scientific evidence.<br \/>\n\t\t\t\t<\/div>\n\t\t\t\t\t<\/div>\n\t\t\t\t\t\t<\/div>\n\t\t\t\t<\/div>\n\t\t\t\t<div class=\"elementor-element elementor-element-66e47ad elementor-widget elementor-widget-wd_text_block\" data-id=\"66e47ad\" data-element_type=\"widget\" data-widget_type=\"wd_text_block.default\">\n\t\t\t\t<div class=\"elementor-widget-container\">\n\t\t\t\t\t\t\t<div class=\"wd-text-block reset-last-child text-left\">\n\t\t\t\n\t\t\t<p>Based on scientific evidence, we use the latest dermatological technologies such as nanotechnology, liposomes and signal peptides that guarantee the effectiveness of the treatment and a high safety profile.<\/p>\n\t\t\t\t\t<\/div>\n\t\t\t\t\t\t<\/div>\n\t\t\t\t<\/div>\n\t\t\t\t<\/div>\n\t\t\t\t\t<\/div>\n\t\t\t\t<\/div>\n\t\t<div class=\"elementor-element elementor-element-0aaf669 wd-section-stretch e-flex e-con-boxed e-con e-parent\" data-id=\"0aaf669\" data-element_type=\"container\" data-settings=\"{&quot;background_background&quot;:&quot;classic&quot;}\">\n\t\t\t\t\t<div class=\"e-con-inner\">\n\t\t<div class=\"elementor-element elementor-element-49529c7 color-scheme-light e-con-full e-flex e-con e-child\" data-id=\"49529c7\" data-element_type=\"container\">\n\t\t\t\t<div class=\"elementor-element elementor-element-95c7bfa wd-width-100 elementor-widget elementor-widget-wd_title\" data-id=\"95c7bfa\" data-element_type=\"widget\" data-widget_type=\"wd_title.default\">\n\t\t\t\t<div class=\"elementor-widget-container\">\n\t\t\t\t\t\t\t<div class=\"title-wrapper set-mb-s reset-last-child wd-title-color-primary wd-title-style-default wd-title-size-large text-left\">\n\n\t\t\t\n\t\t\t<div class=\"liner-continer\">\n\t\t\t\t<h4 class=\"woodmart-title-container title wd-fontsize-xxl\"><\/h4> \n\t\t\t\t\t\t\t<\/div>\n\n\t\t\t\t\t\t\t<div class=\"title-after_title set-cont-mb-s reset-last-child wd-fontsize-s\">\n\t\t\t\t\t<p>We work on every aspect in the planning.<\/p>\t\t\t\t<\/div>\n\t\t\t\t\t<\/div>\n\t\t\t\t\t\t<\/div>\n\t\t\t\t<\/div>\n\t\t\t\t<\/div>\n\t\t<div class=\"elementor-element elementor-element-112f98a e-con-full e-flex e-con e-child\" data-id=\"112f98a\" data-element_type=\"container\">\n\t\t<div class=\"elementor-element elementor-element-48c7dd1 e-con-full e-flex e-con e-child\" data-id=\"48c7dd1\" data-element_type=\"container\">\n\t\t<div class=\"elementor-element elementor-element-54eb2d3 e-con-full e-flex e-con e-child\" data-id=\"54eb2d3\" data-element_type=\"container\">\n\t\t\t\t<div class=\"elementor-element elementor-element-14ff076 elementor-widget elementor-widget-wd_counter\" data-id=\"14ff076\" data-element_type=\"widget\" data-widget_type=\"wd_counter.default\">\n\t\t\t\t<div class=\"elementor-widget-container\">\n\t\t\t\t\t\t\t<div class=\"woodmart-counter counter-large text-center color-scheme-light\">\n\t\t\t<div class=\"counter-value\" data-state=\"new\" data-final=\"2020\">\n\t\t\t\t2020\t\t\t<\/div>\n\n\t\t\t\t\t\t\t<div class=\"counter-label\">\n\t\t\t\t\tFoundation year\t\t\t\t<\/div>\n\t\t\t\t\t<\/div>\n\t\t\t\t\t\t<\/div>\n\t\t\t\t<\/div>\n\t\t\t\t<\/div>\n\t\t<div class=\"elementor-element elementor-element-668ca24 e-con-full e-flex e-con e-child\" data-id=\"668ca24\" data-element_type=\"container\">\n\t\t\t\t<div class=\"elementor-element elementor-element-da35035 elementor-widget elementor-widget-wd_counter\" data-id=\"da35035\" data-element_type=\"widget\" data-widget_type=\"wd_counter.default\">\n\t\t\t\t<div class=\"elementor-widget-container\">\n\t\t\t\t\t\t\t<div class=\"woodmart-counter counter-large text-center color-scheme-light\">\n\t\t\t<div class=\"counter-value\" data-state=\"new\" data-final=\"2000\">\n\t\t\t\t2000\t\t\t<\/div>\n\n\t\t\t\t\t\t\t<div class=\"counter-label\">\n\t\t\t\t\tSatisfied customers\t\t\t\t<\/div>\n\t\t\t\t\t<\/div>\n\t\t\t\t\t\t<\/div>\n\t\t\t\t<\/div>\n\t\t\t\t<\/div>\n\t\t\t\t<\/div>\n\t\t<div class=\"elementor-element elementor-element-6b5c35a e-con-full e-flex e-con e-child\" data-id=\"6b5c35a\" data-element_type=\"container\">\n\t\t<div class=\"elementor-element elementor-element-214e692 e-con-full e-flex e-con e-child\" data-id=\"214e692\" data-element_type=\"container\">\n\t\t\t\t<div class=\"elementor-element elementor-element-168ddab elementor-widget elementor-widget-wd_counter\" data-id=\"168ddab\" data-element_type=\"widget\" data-widget_type=\"wd_counter.default\">\n\t\t\t\t<div class=\"elementor-widget-container\">\n\t\t\t\t\t\t\t<div class=\"woodmart-counter counter-large text-center color-scheme-light\">\n\t\t\t<div class=\"counter-value\" data-state=\"new\" data-final=\"190\">\n\t\t\t\t190\t\t\t<\/div>\n\n\t\t\t\t\t\t\t<div class=\"counter-label\">\n\t\t\t\t\tThe company works with us.\t\t\t\t<\/div>\n\t\t\t\t\t<\/div>\n\t\t\t\t\t\t<\/div>\n\t\t\t\t<\/div>\n\t\t\t\t<\/div>\n\t\t<div class=\"elementor-element elementor-element-214de82 e-con-full e-flex e-con e-child\" data-id=\"214de82\" data-element_type=\"container\">\n\t\t\t\t<div class=\"elementor-element elementor-element-3444280 elementor-widget elementor-widget-wd_counter\" data-id=\"3444280\" data-element_type=\"widget\" data-widget_type=\"wd_counter.default\">\n\t\t\t\t<div class=\"elementor-widget-container\">\n\t\t\t\t\t\t\t<div class=\"woodmart-counter counter-large text-center color-scheme-light\">\n\t\t\t<div class=\"counter-value\" data-state=\"new\" data-final=\"2\">\n\t\t\t\t2\t\t\t<\/div>\n\n\t\t\t\t\t\t\t<div class=\"counter-label\">\n\t\t\t\t\tOffices\t\t\t\t<\/div>\n\t\t\t\t\t<\/div>\n\t\t\t\t\t\t<\/div>\n\t\t\t\t<\/div>\n\t\t\t\t<\/div>\n\t\t\t\t<\/div>\n\t\t<div class=\"elementor-element elementor-element-2d29667 e-con-full e-flex e-con e-child\" data-id=\"2d29667\" data-element_type=\"container\">\n\t\t<div class=\"elementor-element elementor-element-9b12710 e-con-full e-flex e-con e-child\" data-id=\"9b12710\" data-element_type=\"container\">\n\t\t\t\t<div class=\"elementor-element elementor-element-f4d40e8 elementor-widget elementor-widget-wd_counter\" data-id=\"f4d40e8\" data-element_type=\"widget\" data-widget_type=\"wd_counter.default\">\n\t\t\t\t<div class=\"elementor-widget-container\">\n\t\t\t\t\t\t\t<div class=\"woodmart-counter counter-large text-center color-scheme-light\">\n\t\t\t<div class=\"counter-value\" data-state=\"new\" data-final=\"74\">\n\t\t\t\t74\t\t\t<\/div>\n\n\t\t\t\t\t\t\t<div class=\"counter-label\">\n\t\t\t\t\tTeam members\t\t\t\t<\/div>\n\t\t\t\t\t<\/div>\n\t\t\t\t\t\t<\/div>\n\t\t\t\t<\/div>\n\t\t\t\t<\/div>\n\t\t<div class=\"elementor-element elementor-element-cc152f4 e-con-full e-flex e-con e-child\" data-id=\"cc152f4\" data-element_type=\"container\">\n\t\t\t\t<div class=\"elementor-element elementor-element-d17999d elementor-widget elementor-widget-wd_counter\" data-id=\"d17999d\" data-element_type=\"widget\" data-widget_type=\"wd_counter.default\">\n\t\t\t\t<div class=\"elementor-widget-container\">\n\t\t\t\t\t\t\t<div class=\"woodmart-counter counter-large text-center color-scheme-light\">\n\t\t\t<div class=\"counter-value\" data-state=\"new\" data-final=\"12\">\n\t\t\t\t12\t\t\t<\/div>\n\n\t\t\t\t\t\t\t<div class=\"counter-label\">\n\t\t\t\t\tCompleted products\t\t\t\t<\/div>\n\t\t\t\t\t<\/div>\n\t\t\t\t\t\t<\/div>\n\t\t\t\t<\/div>\n\t\t\t\t<\/div>\n\t\t\t\t<\/div>\n\t\t\t\t<\/div>\n\t\t\t\t\t<\/div>\n\t\t\t\t<\/div>\n\t\t<div class=\"elementor-element elementor-element-29eea14 e-flex e-con-boxed e-con e-parent\" data-id=\"29eea14\" data-element_type=\"container\">\n\t\t\t\t\t<div class=\"e-con-inner\">\n\t\t<div class=\"elementor-element elementor-element-793264f e-con-full e-flex e-con e-child\" data-id=\"793264f\" data-element_type=\"container\">\n\t\t\t\t<div class=\"elementor-element elementor-element-f6fee06 elementor-widget__width-initial wd-width-100 elementor-widget elementor-widget-wd_title\" data-id=\"f6fee06\" data-element_type=\"widget\" data-widget_type=\"wd_title.default\">\n\t\t\t\t<div class=\"elementor-widget-container\">\n\t\t\t\t\t\t\t<div class=\"title-wrapper set-mb-s reset-last-child wd-title-color-primary wd-title-style-default wd-title-size-large text-left\">\n\n\t\t\t\n\t\t\t<div class=\"liner-continer\">\n\t\t\t\t<h4 class=\"woodmart-title-container title wd-fontsize-xxl\">About us<\/h4> \n\t\t\t\t\t\t\t<\/div>\n\n\t\t\t\t\t\t\t<div class=\"title-after_title set-cont-mb-s reset-last-child wd-fontsize-s\">\n\t\t\t\t\t<p>DermaCode implements cutting-edge Spanish aesthetic technology in order to provide an innovative collection of professional treatments and offer effective clinical technologies positioned to focus on advanced functional beauty with specialized professional skin, hair and body care treatments that They aim to solve the main aesthetic needs. issues. <br \/>Based on scientific evidence, DermaCode uses the latest dermatological technologies, for example, nanotechnology, liposomes and signal peptides, which guarantee effective treatment and a high safety profile.<\/p>\t\t\t\t<\/div>\n\t\t\t\t\t<\/div>\n\t\t\t\t\t\t<\/div>\n\t\t\t\t<\/div>\n\t\t\t\t<\/div>\n\t\t<div class=\"elementor-element elementor-element-bed418f e-con-full e-flex e-con e-child\" data-id=\"bed418f\" data-element_type=\"container\">\n\t\t\t\t<div class=\"elementor-element elementor-element-bc913e5 elementor-widget elementor-widget-wd_image_or_svg\" data-id=\"bc913e5\" data-element_type=\"widget\" data-widget_type=\"wd_image_or_svg.default\">\n\t\t\t\t<div class=\"elementor-widget-container\">\n\t\t\t\t\t\n\t\t<div class=\"wd-image text-left\">\n\t\t\t\t\t\t\t\t<img decoding=\"async\" width=\"1000\" height=\"668\" src=\"https:\/\/dermacode.net\/wp-content\/uploads\/2024\/05\/What_Are_the_Different_Types_of_Medical_Laboratories_637378424351582974.png\" class=\"attachment-full size-full\" alt=\"\" srcset=\"https:\/\/dermacode.net\/wp-content\/uploads\/2024\/05\/What_Are_the_Different_Types_of_Medical_Laboratories_637378424351582974.png 1000w, https:\/\/dermacode.net\/wp-content\/uploads\/2024\/05\/What_Are_the_Different_Types_of_Medical_Laboratories_637378424351582974-400x267.png 400w, https:\/\/dermacode.net\/wp-content\/uploads\/2024\/05\/What_Are_the_Different_Types_of_Medical_Laboratories_637378424351582974-768x513.png 768w, https:\/\/dermacode.net\/wp-content\/uploads\/2024\/05\/What_Are_the_Different_Types_of_Medical_Laboratories_637378424351582974-860x574.png 860w, https:\/\/dermacode.net\/wp-content\/uploads\/2024\/05\/What_Are_the_Different_Types_of_Medical_Laboratories_637378424351582974-430x287.png 430w, https:\/\/dermacode.net\/wp-content\/uploads\/2024\/05\/What_Are_the_Different_Types_of_Medical_Laboratories_637378424351582974-700x468.png 700w, https:\/\/dermacode.net\/wp-content\/uploads\/2024\/05\/What_Are_the_Different_Types_of_Medical_Laboratories_637378424351582974-150x100.png 150w\" sizes=\"(max-width: 1000px) 100vw, 1000px\" \/>\t\t\t\t\t<\/div>\n\n\t\t\t\t\t\t<\/div>\n\t\t\t\t<\/div>\n\t\t\t\t<\/div>\n\t\t\t\t\t<\/div>\n\t\t\t\t<\/div>\n\t\t<div class=\"elementor-element elementor-element-e467b96 e-flex e-con-boxed e-con e-parent\" data-id=\"e467b96\" data-element_type=\"container\">\n\t\t\t\t\t<div class=\"e-con-inner\">\n\t\t<div class=\"elementor-element elementor-element-c08d5fb e-con-full e-flex e-con e-child\" data-id=\"c08d5fb\" data-element_type=\"container\">\n\t\t\t\t<div class=\"elementor-element elementor-element-b705972 elementor-widget elementor-widget-image\" data-id=\"b705972\" data-element_type=\"widget\" data-widget_type=\"image.default\">\n\t\t\t\t<div class=\"elementor-widget-container\">\n\t\t\t\t\t\t\t\t\t\t\t\t\t\t\t<img decoding=\"async\" width=\"1300\" height=\"731\" src=\"https:\/\/dermacode.net\/wp-content\/uploads\/2024\/06\/Micro-1-1300x731.jpg\" class=\"attachment-large size-large wp-image-15714\" alt=\"\" srcset=\"https:\/\/dermacode.net\/wp-content\/uploads\/2024\/06\/Micro-1-1300x731.jpg 1300w, https:\/\/dermacode.net\/wp-content\/uploads\/2024\/06\/Micro-1-400x225.jpg 400w, https:\/\/dermacode.net\/wp-content\/uploads\/2024\/06\/Micro-1-768x432.jpg 768w, https:\/\/dermacode.net\/wp-content\/uploads\/2024\/06\/Micro-1-1536x864.jpg 1536w, https:\/\/dermacode.net\/wp-content\/uploads\/2024\/06\/Micro-1-18x10.jpg 18w, https:\/\/dermacode.net\/wp-content\/uploads\/2024\/06\/Micro-1-860x484.jpg 860w, https:\/\/dermacode.net\/wp-content\/uploads\/2024\/06\/Micro-1-430x242.jpg 430w, https:\/\/dermacode.net\/wp-content\/uploads\/2024\/06\/Micro-1-700x394.jpg 700w, https:\/\/dermacode.net\/wp-content\/uploads\/2024\/06\/Micro-1-150x84.jpg 150w, https:\/\/dermacode.net\/wp-content\/uploads\/2024\/06\/Micro-1.jpg 1920w\" sizes=\"(max-width: 1300px) 100vw, 1300px\" \/>\t\t\t\t\t\t\t\t\t\t\t\t\t\t\t<\/div>\n\t\t\t\t<\/div>\n\t\t\t\t<\/div>\n\t\t<div class=\"elementor-element elementor-element-8edfd1f e-con-full e-flex e-con e-child\" data-id=\"8edfd1f\" data-element_type=\"container\">\n\t\t<div class=\"elementor-element elementor-element-ce0a67e e-flex e-con-boxed e-con e-child\" data-id=\"ce0a67e\" data-element_type=\"container\">\n\t\t\t\t\t<div class=\"e-con-inner\">\n\t\t\t\t<div class=\"elementor-element elementor-element-2f2854d wd-width-100 elementor-widget elementor-widget-wd_title\" data-id=\"2f2854d\" data-element_type=\"widget\" data-widget_type=\"wd_title.default\">\n\t\t\t\t<div class=\"elementor-widget-container\">\n\t\t\t\t\t\t\t<div class=\"title-wrapper set-mb-s reset-last-child wd-title-color-default wd-title-style-default wd-title-size-default text-left\">\n\n\t\t\t\n\t\t\t<div class=\"liner-continer\">\n\t\t\t\t<h4 class=\"woodmart-title-container title wd-fontsize-l wd-underline-colored-alt\"><u>Mission<\/u><\/h4> \n\t\t\t\t\t\t\t<\/div>\n\n\t\t\t\t\t<\/div>\n\t\t\t\t\t\t<\/div>\n\t\t\t\t<\/div>\n\t\t\t\t<div class=\"elementor-element elementor-element-98791cf color-scheme-inherit text-left elementor-widget elementor-widget-text-editor\" data-id=\"98791cf\" data-element_type=\"widget\" data-widget_type=\"text-editor.default\">\n\t\t\t\t<div class=\"elementor-widget-container\">\n\t\t\t\t\t\t\t\t\tOffering effective clinical technologies positioned to focus on advanced functional beauty with professional treatments specialized in skin, hair and body care, solving major aesthetic problems.\n\t\t\t\t\t\t\t\t<\/div>\n\t\t\t\t<\/div>\n\t\t\t\t\t<\/div>\n\t\t\t\t<\/div>\n\t\t\t\t<\/div>\n\t\t\t\t\t<\/div>\n\t\t\t\t<\/div>\n\t\t\t\t<\/div>","protected":false},"excerpt":{"rendered":"<p>https:\/\/lucky-jet-games.kz\/1win casinohttps:\/\/mostbet-play.kz\/https:\/\/1-win-oynay.com\/https:\/\/1-win-slot.com\/game aviator4rabet pakistanlucky jet onlinehttps:\/\/1-win-online.kz\/ Nuestra historia Utilizando las \u00faltimas tecnolog\u00edas dermatol\u00f3gicas, como nanotecnolog\u00eda, liposomas y p\u00e9ptidos de se\u00f1alizaci\u00f3n,<\/p>","protected":false},"author":1,"featured_media":0,"parent":0,"menu_order":0,"comment_status":"closed","ping_status":"closed","template":"","meta":{"footnotes":""},"class_list":["post-4400","page","type-page","status-publish","hentry"],"acf":[],"_hostinger_reach_plugin_has_subscription_block":false,"_hostinger_reach_plugin_is_elementor":false,"_links":{"self":[{"href":"https:\/\/dermacode.net\/en\/wp-json\/wp\/v2\/pages\/4400","targetHints":{"allow":["GET"]}}],"collection":[{"href":"https:\/\/dermacode.net\/en\/wp-json\/wp\/v2\/pages"}],"about":[{"href":"https:\/\/dermacode.net\/en\/wp-json\/wp\/v2\/types\/page"}],"author":[{"embeddable":true,"href":"https:\/\/dermacode.net\/en\/wp-json\/wp\/v2\/users\/1"}],"replies":[{"embeddable":true,"href":"https:\/\/dermacode.net\/en\/wp-json\/wp\/v2\/comments?post=4400"}],"version-history":[{"count":27,"href":"https:\/\/dermacode.net\/en\/wp-json\/wp\/v2\/pages\/4400\/revisions"}],"predecessor-version":[{"id":15813,"href":"https:\/\/dermacode.net\/en\/wp-json\/wp\/v2\/pages\/4400\/revisions\/15813"}],"wp:attachment":[{"href":"https:\/\/dermacode.net\/en\/wp-json\/wp\/v2\/media?parent=4400"}],"curies":[{"name":"wp","href":"https:\/\/api.w.org\/{rel}","templated":true}]}}